{"id":4352,"date":"2025-04-23T19:09:17","date_gmt":"2025-04-23T17:09:17","guid":{"rendered":"https:\/\/openbis.ch\/?page_id=4352"},"modified":"2025-04-24T16:34:05","modified_gmt":"2025-04-24T14:34:05","slug":"publications","status":"publish","type":"page","link":"https:\/\/openbis.ch\/index.php\/publications\/","title":{"rendered":"Publications"},"content":{"rendered":"<p><strong>Components of digital twins in the operation and maintenance management of traffic bridges<\/strong><\/p>\n<p><em>Schneider, Ronald and Simon, Patrick and Herrmann, Ralf and Hille, Falk and Baessler, Matthias<\/em><\/p>\n<p>BAUTECHNIK, 2025 MAR 15, DOI = <a href=\"https:\/\/doi.org\/10.1002\/bate.202400101\" target=\"_blank\" rel=\"noopener\">10.1002\/bate.202400101<\/a><\/p>\n<p>&nbsp;<\/p>\n<p><strong>A Self-Driving Lab for Nano- and Advanced Materials Synthesis<\/strong><\/p>\n<p><em>Mohammad Zaki and Carsten Prinz and Bastian Ruehle<\/em><\/p>\n<p>ACS Nano, 2025, 3, DOI: <a href=\"https:\/\/pubs.acs.org\/doi\/10.1021\/acsnano.4c17504\" target=\"_blank\" rel=\"noopener\">10.1021\/acsnano.4c17504<\/a><\/p>\n<p>&nbsp;<\/p>\n<p><strong> Comprehensive creep compliance characterization of orthotropic materials using an automated system<\/strong><br \/>\n<em>Jonas M. Maas and Falk K. Wittel<\/em><br \/>\nHolzforschung, 2025, DOI: <a href=\"http:\/\/doi.org\/10.1515\/hf-2024-0108\" target=\"_blank\" rel=\"noopener\">10.1515\/hf-2024-0108<\/a><\/p>\n<p>&nbsp;<\/p>\n<p><strong>The openBIS Digital Platform for Instrumentation and Data Workflow in the Analytical Laboratory<\/strong><\/p>\n<p><em>Yousuf Hemani and Kilian Koch and Oscar Mendo Diaz and Anusch Bachhofner and Simone Baffelli and Davide Bleiner<\/em><\/p>\n<p>Chimia, 2025, 79 (36-45), DOI: <a href=\"https:\/\/doi.org\/10.2533\/chimia.2025.36\" target=\"_blank\" rel=\"noopener\">10.2533\/chimia.2025.36<\/a><\/p>\n<p>&nbsp;<\/p>\n<p><strong>General data management workflow to process tabular data in automated and high-throughput heterogeneous catalysis research<\/strong><\/p>\n<p><em>Erwin Lam and Tanguy Maury and Sebastian Preiss and Yuhui Hou and Hannes Frey and Caterina Barillari and Paco Laveille<\/em><\/p>\n<p>Digital Discovery, 2025, DOI: <a href=\"https:\/\/doi.org\/10.1039\/D4DD00350K\" target=\"_blank\" rel=\"noopener\">10.1039\/d4dd00350k<\/a><\/p>\n<p>&nbsp;<\/p>\n<p><strong>Large-File Raw Data Synchronization for openBIS Research Repositories<\/strong><\/p>\n<p><em>Aleksei Dudchenko and Friedemann Ringwald and Felix Czernilofsky and Sascha Dietrich and Petra Knaup and Matthias Ganzinger<\/em><\/p>\n<p>Studies in Health Technology and Informatics, 2023, 5, 409-410, DOI: <a href=\"https:\/\/ebooks.iospress.nl\/doi\/10.3233\/SHTI220486\" target=\"_blank\" rel=\"noopener\">10.3233\/SHTI220486<\/a><\/p>\n<p>&nbsp;<\/p>\n<p><strong>Using\u00a0OpenBIS\u00a0as Virtual Research Environment: An ELN-LIMS Open-Source Database Tool as a Framework within the\u00a0CRC 1411 Design of Particulate Products<\/strong><br \/>\nFabian Plass and Silvan Englisch and Benjamin Apeleo Zubiri and Lukas Pflug and Erdmann Spiecker and Michael Stingl<\/p>\n<p>Data Science Journal, 2023, 22(44), DOI: <a href=\"https:\/\/doi.org\/10.5334\/dsj-2023-044\" target=\"_blank\" rel=\"noopener noreferrer\">10.5334\/dsj-2023-044<\/a><\/p>\n<p>&nbsp;<\/p>\n<p><strong>BAM Data Store<\/strong><\/p>\n<p><em>Rukeia El-Athman and J\u00f6rg R\u00e4dler and Oliver L\u00f6hmann and Angela Ariza and Thilo Muth<\/em><\/p>\n<p>Proceedings of the Conference on Research Data Infrastructure (CoRDI), 2023 (1), DOI:<a href=\"https:\/\/doi.org\/10.52825\/CoRDI.v1i.229\" target=\"_blank\" rel=\"noopener\">https:\/\/doi.org\/10.52825\/CoRDI.v1i.229<\/a><\/p>\n<p class=\"\" data-start=\"995\" data-end=\"1043\">\n<p>&nbsp;<\/p>\n<p><strong>A data management infrastructure for the integration of imaging and omics data in life sciences<\/strong><\/p>\n<p><em>Luis Kuhn Cuellar and Andreas Friedrich and Gisela Gabernet and Luis de la Garza and Sven Fillinger and Adrian Seyboldt and Tobias Koch and Sven zur Oven-Krockhaus and Friederike Wanke and Sandra Richter and Wolfgang M. Thaiss and Marius Horger and Nisar Malek and Klaus Harter and Michael Bitzer and Sven Nahnsen<\/em><\/p>\n<p>BMC Bioinformatics, 2022, 23(61), DOI: <a href=\"https:\/\/doi.org\/10.1186\/s12859-022-04584-3\" target=\"_blank\" rel=\"noopener\">10.1186\/s12859-022-04584-3<\/a><\/p>\n<p>&nbsp;<\/p>\n<p><strong>SwissPKcdw \u2013 A clinical data warehouse for the optimization of pediatric dosing regimens<\/strong><\/p>\n<p><em>Roland Goers and Diana Coman Schmid and Vera F. J\u00e4ggi and Paolo Paioni and Michal J. Okoniewski and Althea Parker and Beat Bangerter and Sofia Georgakopoulou and Thierry Sengstag and Julia Bielicki and Romy Tilen and Swen Vermeul and Stefanie D. Kr\u00e4mer and Christoph Berger and Bernd Rinn and Henriette E. Meyer zu Schwabedissen<\/em><\/p>\n<p>CPT: Pharmacometrics and Systems Pharmacology, 2021,\u00a0 12, 1578-1587, DOI: <a href=\"https:\/\/doi.org\/10.1002\/psp4.12723\" target=\"_blank\" rel=\"noopener\">10.1002\/psp4.12723<\/a><\/p>\n<p>&nbsp;<\/p>\n<p>&nbsp;<\/p>\n<p>&nbsp;<\/p>\n","protected":false},"excerpt":{"rendered":"<p>Components of digital twins in the operation and maintenance management of traffic bridges Schneider, Ronald and Simon, Patrick and Herrmann, Ralf and Hille, Falk and Baessler, Matthias BAUTECHNIK, 2025 MAR 15, DOI = 10.1002\/bate.202400101 &nbsp; A Self-Driving Lab for Nano- and Advanced Materials Synthesis Mohammad&#8230;<\/p>\n","protected":false},"author":3,"featured_media":0,"parent":0,"menu_order":0,"comment_status":"closed","ping_status":"closed","template":"","meta":{"footnotes":""},"class_list":["post-4352","page","type-page","status-publish","hentry"],"_links":{"self":[{"href":"https:\/\/openbis.ch\/index.php\/wp-json\/wp\/v2\/pages\/4352","targetHints":{"allow":["GET"]}}],"collection":[{"href":"https:\/\/openbis.ch\/index.php\/wp-json\/wp\/v2\/pages"}],"about":[{"href":"https:\/\/openbis.ch\/index.php\/wp-json\/wp\/v2\/types\/page"}],"author":[{"embeddable":true,"href":"https:\/\/openbis.ch\/index.php\/wp-json\/wp\/v2\/users\/3"}],"replies":[{"embeddable":true,"href":"https:\/\/openbis.ch\/index.php\/wp-json\/wp\/v2\/comments?post=4352"}],"version-history":[{"count":22,"href":"https:\/\/openbis.ch\/index.php\/wp-json\/wp\/v2\/pages\/4352\/revisions"}],"predecessor-version":[{"id":4376,"href":"https:\/\/openbis.ch\/index.php\/wp-json\/wp\/v2\/pages\/4352\/revisions\/4376"}],"wp:attachment":[{"href":"https:\/\/openbis.ch\/index.php\/wp-json\/wp\/v2\/media?parent=4352"}],"curies":[{"name":"wp","href":"https:\/\/api.w.org\/{rel}","templated":true}]}}